{"id":11,"date":"2022-02-01T12:44:06","date_gmt":"2022-02-01T18:44:06","guid":{"rendered":"https:\/\/34.135.121.99\/?page_id=11"},"modified":"2025-01-15T12:36:14","modified_gmt":"2025-01-15T18:36:14","slug":"inicio","status":"publish","type":"page","link":"https:\/\/wsabrokers.mx\/","title":{"rendered":"Inicio"},"content":{"rendered":"<p>[et_pb_section fb_built=&#8221;1&#8243; fullwidth=&#8221;on&#8221; _builder_version=&#8221;4.16&#8243; _module_preset=&#8221;default&#8221; global_colors_info=&#8221;{}&#8221;][et_pb_fullwidth_header header_fullscreen=&#8221;on&#8221; header_scroll_down=&#8221;on&#8221; scroll_down_icon=&#8221;%%8%%&#8221; scroll_down_icon_color=&#8221;#000000&#8243; button_one_text=&#8221;Equipo&#8221; button_one_url=&#8221;@ET-DC@eyJkeW5hbWljIjp0cnVlLCJjb250ZW50IjoicG9zdF9saW5rX3VybF9wYWdlIiwic2V0dGluZ3MiOnsicG9zdF9pZCI6Ijg5In19@&#8221; _builder_version=&#8221;4.17.0&#8243; _dynamic_attributes=&#8221;button_one_url&#8221; _module_preset=&#8221;default&#8221; title_level=&#8221;h6&#8243; title_text_color=&#8221;#000000&#8243; title_font_size=&#8221;90px&#8221; content_text_color=&#8221;#000000&#8243; content_font_size=&#8221;23px&#8221; subhead_font=&#8221;Anton||||||||&#8221; subhead_text_color=&#8221;#3d3d3d&#8221; subhead_font_size=&#8221;50px&#8221; background_enable_color=&#8221;off&#8221; background_image=&#8221;https:\/\/wsabrokers.mx\/wp-content\/uploads\/2022\/02\/portada.jpg&#8221; custom_button_one=&#8221;on&#8221; button_one_text_color=&#8221;#FFFFFF&#8221; button_one_bg_color=&#8221;#F79000&#8243; button_one_border_color=&#8221;RGBA(0,0,0,0)&#8221; button_one_border_radius=&#8221;0px&#8221; title_text_align_tablet=&#8221;&#8221; title_text_align_phone=&#8221;center&#8221; title_text_align_last_edited=&#8221;on|phone&#8221; title_font_size_tablet=&#8221;&#8221; title_font_size_phone=&#8221;31px&#8221; title_font_size_last_edited=&#8221;on|phone&#8221; content_text_align_last_edited=&#8221;off|phone&#8221; content_font_size_tablet=&#8221;&#8221; content_font_size_phone=&#8221;16px&#8221; content_font_size_last_edited=&#8221;on|phone&#8221; global_colors_info=&#8221;{}&#8221; title_font_size__hover_enabled=&#8221;off|desktop&#8221;]<\/p>\n<h1 style=\"text-align: left;\"><\/h1>\n<h1 style=\"text-align: left;\">Acompa\u00f1amiento.<\/h1>\n<h1 style=\"text-align: left;\">Servicio.<\/h1>\n<h1 style=\"text-align: left;\">Experiencia.<\/h1>\n<p><span style=\"font-weight: 400;\"><span>Consultor\u00eda en la adquisici\u00f3n de seguros y de fianzas<\/span><\/span><\/p>\n<p>[\/et_pb_fullwidth_header][\/et_pb_section][et_pb_section fb_built=&#8221;1&#8243; _builder_version=&#8221;4.16&#8243; _module_preset=&#8221;default&#8221; use_background_color_gradient=&#8221;on&#8221; background_color_gradient_direction=&#8221;90deg&#8221; background_color_gradient_stops=&#8221;rgba(247,144,0,0.38) 0%|rgba(0,0,0,0) 42%&#8221; background_color_gradient_start=&#8221;rgba(247,144,0,0.38)&#8221; background_color_gradient_end=&#8221;rgba(0,0,0,0)&#8221; background_color_gradient_end_position=&#8221;42%&#8221; global_colors_info=&#8221;{}&#8221;][et_pb_row column_structure=&#8221;1_2,1_2&#8243; make_equal=&#8221;on&#8221; _builder_version=&#8221;4.16&#8243; _module_preset=&#8221;default&#8221; max_width=&#8221;2560px&#8221; custom_css_main_element=&#8221;align-items:center;&#8221; global_colors_info=&#8221;{}&#8221;][et_pb_column type=&#8221;1_2&#8243; _builder_version=&#8221;4.16&#8243; _module_preset=&#8221;default&#8221; global_colors_info=&#8221;{}&#8221;][et_pb_image src=&#8221;https:\/\/wsabrokers.mx\/wp-content\/uploads\/2022\/02\/servicios2.png&#8221; alt=&#8221;Servicios WSA&#8221; title_text=&#8221;Servicios WSA&#8221; _builder_version=&#8221;4.16&#8243; _module_preset=&#8221;default&#8221; global_colors_info=&#8221;{}&#8221;][\/et_pb_image][\/et_pb_column][et_pb_column type=&#8221;1_2&#8243; _builder_version=&#8221;4.16&#8243; _module_preset=&#8221;default&#8221; global_colors_info=&#8221;{}&#8221;][et_pb_text _builder_version=&#8221;4.16&#8243; _module_preset=&#8221;default&#8221; text_text_color=&#8221;#686868&#8243; text_font_size=&#8221;20px&#8221; header_text_color=&#8221;#0F0E51&#8243; header_font_size=&#8221;60px&#8221; global_colors_info=&#8221;{}&#8221;]<\/p>\n<h1 style=\"text-align: left;\">Servicios<\/h1>\n<p><span style=\"font-weight: 400;\">Expertos en los procesos para adquirir un seguro o fianza, invertimos tiempo y recursos para identificar y entender tus necesidades<\/span><\/p>\n<p>[\/et_pb_text][et_pb_button button_url=&#8221;@ET-DC@eyJkeW5hbWljIjp0cnVlLCJjb250ZW50IjoicG9zdF9saW5rX3VybF9wYWdlIiwic2V0dGluZ3MiOnsicG9zdF9pZCI6IjE2NCJ9fQ==@&#8221; button_text=&#8221;Conoce m\u00e1s&#8221; _builder_version=&#8221;4.16.1&#8243; _dynamic_attributes=&#8221;button_url&#8221; _module_preset=&#8221;default&#8221; custom_button=&#8221;on&#8221; button_text_color=&#8221;#FFFFFF&#8221; button_bg_color=&#8221;#F79000&#8243; global_colors_info=&#8221;{}&#8221;][\/et_pb_button][\/et_pb_column][\/et_pb_row][\/et_pb_section][et_pb_section fb_built=&#8221;1&#8243; fullwidth=&#8221;on&#8221; _builder_version=&#8221;4.17.0&#8243; _module_preset=&#8221;default&#8221; background_enable_color=&#8221;off&#8221; use_background_color_gradient=&#8221;on&#8221; background_color_gradient_stops=&#8221;rgba(10,1,1,0.54) 0%|rgba(247,144,0,0.14) 100%&#8221; background_color_gradient_overlays_image=&#8221;on&#8221; background_color_gradient_start=&#8221;rgba(10,1,1,0.54)&#8221; background_color_gradient_end=&#8221;rgba(247,144,0,0.14)&#8221; background_image=&#8221;https:\/\/wsabrokers.mx\/wp-content\/uploads\/2022\/02\/descanso.jpg&#8221; custom_padding=&#8221;100px||||false|false&#8221; global_colors_info=&#8221;{}&#8221;][et_pb_fullwidth_header text_orientation=&#8221;center&#8221; _builder_version=&#8221;4.16&#8243; _module_preset=&#8221;default&#8221; title_font_size=&#8221;60px&#8221; content_font_size=&#8221;20px&#8221; background_enable_color=&#8221;off&#8221; height=&#8221;200px&#8221; custom_padding=&#8221;0px||0px||true|false&#8221; global_colors_info=&#8221;{}&#8221;]<\/p>\n<p>Asesor\u00eda personalizada para generar<\/p>\n<h1>confianza y certidumbre<\/h1>\n<p>[\/et_pb_fullwidth_header][\/et_pb_section][et_pb_section fb_built=&#8221;1&#8243; _builder_version=&#8221;4.16&#8243; _module_preset=&#8221;default&#8221; global_colors_info=&#8221;{}&#8221;][et_pb_row column_structure=&#8221;1_2,1_2&#8243; make_equal=&#8221;on&#8221; _builder_version=&#8221;4.16&#8243; _module_preset=&#8221;default&#8221; custom_margin=&#8221;50px||50px||true|false&#8221; custom_css_main_element=&#8221;align-items:center;&#8221; global_colors_info=&#8221;{}&#8221;][et_pb_column type=&#8221;1_2&#8243; _builder_version=&#8221;4.16&#8243; _module_preset=&#8221;default&#8221; global_colors_info=&#8221;{}&#8221;][et_pb_text _builder_version=&#8221;4.16&#8243; _module_preset=&#8221;default&#8221; text_font_size=&#8221;22px&#8221; header_text_color=&#8221;#0F0E51&#8243; header_font_size=&#8221;55px&#8221; animation_style=&#8221;slide&#8221; animation_direction=&#8221;left&#8221; global_colors_info=&#8221;{}&#8221;]<\/p>\n<p>Acerca de nosotros<\/p>\n<h1>Descripci\u00f3n general<\/h1>\n<p>[\/et_pb_text][\/et_pb_column][et_pb_column type=&#8221;1_2&#8243; _builder_version=&#8221;4.16&#8243; _module_preset=&#8221;default&#8221; global_colors_info=&#8221;{}&#8221;][et_pb_text _builder_version=&#8221;4.16&#8243; _module_preset=&#8221;default&#8221; text_font_size=&#8221;20px&#8221; animation_style=&#8221;slide&#8221; animation_direction=&#8221;right&#8221; global_colors_info=&#8221;{}&#8221;]<\/p>\n<p><span style=\"font-weight: 400;\">WSA responde a la necesidad del mercado por ofrecer una <\/span><b>asesori\u0301a personalizada<\/b><span style=\"font-weight: 400;\">, somos <\/span><b>compradores especializados<\/b><span style=\"font-weight: 400;\">, con el fin de localizar la mejor opci\u00f3n para nuestros clientes. Con acceso directo a las aseguradoras y afianzadoras m\u00e1s importantes a nivel nacional e internacional, <\/span><b>nos capacitamos y nos mantenemos al d\u00eda de nuevos productos y esquemas<\/b><span style=\"font-weight: 400;\"> de aseguramiento o afianzamiento, tanto en el mercado Mexicano como exterior.<\/span><\/p>\n<p>[\/et_pb_text][et_pb_button button_url=&#8221;@ET-DC@eyJkeW5hbWljIjp0cnVlLCJjb250ZW50IjoicG9zdF9saW5rX3VybF9wYWdlIiwic2V0dGluZ3MiOnsicG9zdF9pZCI6Ijg5In19@&#8221; button_text=&#8221;+ acerca de nosotros&#8221; button_alignment=&#8221;left&#8221; _builder_version=&#8221;4.16.1&#8243; _dynamic_attributes=&#8221;button_url&#8221; _module_preset=&#8221;default&#8221; custom_button=&#8221;on&#8221; button_text_color=&#8221;#FFFFFF&#8221; button_bg_color=&#8221;#F79000&#8243; button_border_width=&#8221;0px&#8221; button_border_color=&#8221;RGBA(0,0,0,0)&#8221; button_border_radius=&#8221;0px&#8221; button_letter_spacing=&#8221;0px&#8221; custom_padding=&#8221;||||false|true&#8221; animation_style=&#8221;slide&#8221; animation_direction=&#8221;right&#8221; global_colors_info=&#8221;{}&#8221;][\/et_pb_button][\/et_pb_column][\/et_pb_row][et_pb_row column_structure=&#8221;1_3,1_3,1_3&#8243; _builder_version=&#8221;4.16&#8243; _module_preset=&#8221;default&#8221; global_colors_info=&#8221;{}&#8221;][et_pb_column type=&#8221;1_3&#8243; _builder_version=&#8221;4.16&#8243; _module_preset=&#8221;default&#8221; global_colors_info=&#8221;{}&#8221;][et_pb_number_counter title=&#8221;A\u00f1os de experiencia&#8221; number=&#8221;50&#8243; percent_sign=&#8221;off&#8221; _builder_version=&#8221;4.16&#8243; _module_preset=&#8221;default&#8221; title_text_color=&#8221;#5e5e5e&#8221; number_text_color=&#8221;#2c2c51&#8243; global_colors_info=&#8221;{}&#8221;][\/et_pb_number_counter][\/et_pb_column][et_pb_column type=&#8221;1_3&#8243; _builder_version=&#8221;4.16&#8243; _module_preset=&#8221;default&#8221; global_colors_info=&#8221;{}&#8221;][et_pb_number_counter title=&#8221;Clientes satisfechos&#8221; number=&#8221;+100&#8243; percent_sign=&#8221;off&#8221; _builder_version=&#8221;4.16&#8243; _module_preset=&#8221;default&#8221; title_text_color=&#8221;#5e5e5e&#8221; number_text_color=&#8221;#2c2c51&#8243; global_colors_info=&#8221;{}&#8221;][\/et_pb_number_counter][\/et_pb_column][et_pb_column type=&#8221;1_3&#8243; _builder_version=&#8221;4.16&#8243; _module_preset=&#8221;default&#8221; global_colors_info=&#8221;{}&#8221;][et_pb_number_counter title=&#8221;Aseguradoras&#8221; number=&#8221;+40&#8243; percent_sign=&#8221;off&#8221; _builder_version=&#8221;4.16&#8243; _module_preset=&#8221;default&#8221; title_text_color=&#8221;#5e5e5e&#8221; number_text_color=&#8221;#2c2c51&#8243; global_colors_info=&#8221;{}&#8221;][\/et_pb_number_counter][\/et_pb_column][\/et_pb_row][\/et_pb_section][et_pb_section fb_built=&#8221;1&#8243; fullwidth=&#8221;on&#8221; _builder_version=&#8221;4.16&#8243; _module_preset=&#8221;default&#8221; global_colors_info=&#8221;{}&#8221;][et_pb_fullwidth_header title=&#8221;Ofrecemos soluciones integrales&#8221; subhead=&#8221; para solventar las necesidades de personas, familias y empresas.&#8221; header_fullscreen=&#8221;on&#8221; button_one_text=&#8221;Cont\u00e1ctanos&#8221; button_one_url=&#8221;@ET-DC@eyJkeW5hbWljIjp0cnVlLCJjb250ZW50IjoicG9zdF9saW5rX3VybF9wYWdlIiwic2V0dGluZ3MiOnsicG9zdF9pZCI6IjEzNiJ9fQ==@&#8221; background_overlay_color=&#8221;rgba(0,0,0,0.42)&#8221; _builder_version=&#8221;4.17.0&#8243; _dynamic_attributes=&#8221;button_one_url&#8221; _module_preset=&#8221;default&#8221; title_font_size=&#8221;65px&#8221; content_font_size=&#8221;18px&#8221; subhead_font_size=&#8221;20px&#8221; background_enable_color=&#8221;off&#8221; background_image=&#8221;https:\/\/wsabrokers.mx\/wp-content\/uploads\/2022\/02\/descanso2.jpg&#8221; custom_button_one=&#8221;on&#8221; button_one_bg_color=&#8221;#F79000&#8243; button_one_border_color=&#8221;RGBA(0,0,0,0)&#8221; animation_style=&#8221;fade&#8221; border_color_all_image=&#8221;RGBA(0,0,0,0)&#8221; global_colors_info=&#8221;{}&#8221;][\/et_pb_fullwidth_header][\/et_pb_section]<\/p>\n","protected":false},"excerpt":{"rendered":"<p>Acompa\u00f1amiento. Servicio. Experiencia. Consultor\u00eda en la adquisici\u00f3n de seguros y de fianzasServicios Expertos en los procesos para adquirir un seguro o fianza, invertimos tiempo y recursos para identificar y entender tus necesidadesAsesor\u00eda personalizada para generar confianza y certidumbreAcerca de nosotros Descripci\u00f3n generalWSA responde a la necesidad del mercado por ofrecer una asesori\u0301a personalizada, somos compradores [&hellip;]<\/p>\n","protected":false},"author":1,"featured_media":0,"parent":0,"menu_order":0,"comment_status":"closed","ping_status":"closed","template":"","meta":{"_et_pb_use_builder":"on","_et_pb_old_content":"","_et_gb_content_width":"","footnotes":""},"class_list":["post-11","page","type-page","status-publish","hentry"],"_links":{"self":[{"href":"https:\/\/wsabrokers.mx\/index.php?rest_route=\/wp\/v2\/pages\/11","targetHints":{"allow":["GET"]}}],"collection":[{"href":"https:\/\/wsabrokers.mx\/index.php?rest_route=\/wp\/v2\/pages"}],"about":[{"href":"https:\/\/wsabrokers.mx\/index.php?rest_route=\/wp\/v2\/types\/page"}],"author":[{"embeddable":true,"href":"https:\/\/wsabrokers.mx\/index.php?rest_route=\/wp\/v2\/users\/1"}],"replies":[{"embeddable":true,"href":"https:\/\/wsabrokers.mx\/index.php?rest_route=%2Fwp%2Fv2%2Fcomments&post=11"}],"version-history":[{"count":56,"href":"https:\/\/wsabrokers.mx\/index.php?rest_route=\/wp\/v2\/pages\/11\/revisions"}],"predecessor-version":[{"id":402,"href":"https:\/\/wsabrokers.mx\/index.php?rest_route=\/wp\/v2\/pages\/11\/revisions\/402"}],"wp:attachment":[{"href":"https:\/\/wsabrokers.mx\/index.php?rest_route=%2Fwp%2Fv2%2Fmedia&parent=11"}],"curies":[{"name":"wp","href":"https:\/\/api.w.org\/{rel}","templated":true}]}}