{"id":164,"date":"2022-02-14T18:10:58","date_gmt":"2022-02-15T00:10:58","guid":{"rendered":"https:\/\/34.135.121.99\/?page_id=164"},"modified":"2022-04-20T08:32:59","modified_gmt":"2022-04-20T14:32:59","slug":"servicios","status":"publish","type":"page","link":"https:\/\/wsabrokers.mx\/?page_id=164","title":{"rendered":"Servicios"},"content":{"rendered":"<p>[et_pb_section fb_built=&#8221;1&#8243; admin_label=&#8221;Header&#8221; _builder_version=&#8221;4.17.0&#8243; use_background_color_gradient=&#8221;on&#8221; background_color_gradient_stops=&#8221;rgba(0,19,46,0.6) 0%|rgba(0,19,46,0.6) 100%&#8221; background_color_gradient_overlays_image=&#8221;on&#8221; background_color_gradient_start=&#8221;rgba(0,19,46,0.6)&#8221; background_color_gradient_end=&#8221;rgba(0,19,46,0.6)&#8221; background_image=&#8221;https:\/\/wsabrokers.mx\/wp-content\/uploads\/2022\/02\/financial-advisor-43.jpg&#8221; custom_padding=&#8221;||||false|false&#8221; hover_enabled=&#8221;0&#8243; locked=&#8221;off&#8221; global_colors_info=&#8221;{}&#8221; title_text=&#8221;financial-advisor-43&#8243; sticky_enabled=&#8221;0&#8243;][et_pb_row column_structure=&#8221;3_5,2_5&#8243; make_equal=&#8221;on&#8221; _builder_version=&#8221;4.16&#8243; global_colors_info=&#8221;{}&#8221;][et_pb_column type=&#8221;3_5&#8243; _builder_version=&#8221;4.16&#8243; global_colors_info=&#8221;{}&#8221;][et_pb_text _builder_version=&#8221;4.16&#8243; header_font=&#8221;Darker Grotesque|900|||||||&#8221; header_font_size=&#8221;100px&#8221; background_layout=&#8221;dark&#8221; max_width=&#8221;760px&#8221; custom_margin=&#8221;||||false|false&#8221; header_font_size_tablet=&#8221;70px&#8221; header_font_size_phone=&#8221;41px&#8221; header_font_size_last_edited=&#8221;on|phone&#8221; global_colors_info=&#8221;{}&#8221;]<\/p>\n<h1>Servicios<\/h1>\n<p>[\/et_pb_text][\/et_pb_column][et_pb_column type=&#8221;2_5&#8243; _builder_version=&#8221;4.16&#8243; global_colors_info=&#8221;{}&#8221;][et_pb_button button_url=&#8221;@ET-DC@eyJkeW5hbWljIjp0cnVlLCJjb250ZW50IjoicG9zdF9saW5rX3VybF9wYWdlIiwic2V0dGluZ3MiOnsicG9zdF9pZCI6IjEzNiJ9fQ==@&#8221; button_text=&#8221;Cont\u00e1ctanos&#8221; _builder_version=&#8221;4.16.1&#8243; _dynamic_attributes=&#8221;button_url&#8221; custom_button=&#8221;on&#8221; button_text_color=&#8221;#FFFFFF&#8221; button_bg_color=&#8221;#F79000&#8243; button_border_color=&#8221;rgba(0,0,0,0)&#8221; button_border_radius=&#8221;0px&#8221; button_letter_spacing=&#8221;2px&#8221; button_font=&#8221;Darker Grotesque|900||on|||||&#8221; button_use_icon=&#8221;off&#8221; positioning=&#8221;absolute&#8221; position_origin_a=&#8221;center_right&#8221; position_origin_a_tablet=&#8221;&#8221; position_origin_a_phone=&#8221;&#8221; position_origin_a_last_edited=&#8221;on|desktop&#8221; position_origin_f_tablet=&#8221;&#8221; position_origin_f_phone=&#8221;&#8221; position_origin_f_last_edited=&#8221;on|desktop&#8221; position_origin_r_tablet=&#8221;&#8221; position_origin_r_phone=&#8221;&#8221; position_origin_r_last_edited=&#8221;on|desktop&#8221; custom_margin=&#8221;||||false|false&#8221; custom_padding=&#8221;15px|40px|15px|40px|true|true&#8221; button_text_size_tablet=&#8221;20px&#8221; button_text_size_phone=&#8221;16px&#8221; button_text_size_last_edited=&#8221;on|phone&#8221; positioning_tablet=&#8221;relative&#8221; positioning_phone=&#8221;&#8221; positioning_last_edited=&#8221;on|tablet&#8221; locked=&#8221;off&#8221; global_colors_info=&#8221;{}&#8221;][\/et_pb_button][\/et_pb_column][\/et_pb_row][\/et_pb_section][et_pb_section fb_built=&#8221;1&#8243; _builder_version=&#8221;4.16&#8243; _module_preset=&#8221;default&#8221; background_color=&#8221;#f7f2ef&#8221; global_colors_info=&#8221;{}&#8221;][et_pb_row _builder_version=&#8221;4.16&#8243; _module_preset=&#8221;default&#8221; global_colors_info=&#8221;{}&#8221;][et_pb_column type=&#8221;4_4&#8243; _builder_version=&#8221;4.16&#8243; _module_preset=&#8221;default&#8221; global_colors_info=&#8221;{}&#8221;][et_pb_image src=&#8221;https:\/\/wsabrokers.mx\/wp-content\/uploads\/2022\/02\/servicios2.png&#8221; alt=&#8221;Servicios WSA&#8221; title_text=&#8221;Servicios WSA&#8221; _builder_version=&#8221;4.17.0&#8243; _module_preset=&#8221;default&#8221; hover_enabled=&#8221;0&#8243; global_colors_info=&#8221;{}&#8221; sticky_enabled=&#8221;0&#8243;][\/et_pb_image][\/et_pb_column][\/et_pb_row][\/et_pb_section][et_pb_section fb_built=&#8221;1&#8243; admin_label=&#8221;Services&#8221; _builder_version=&#8221;4.16&#8243; global_colors_info=&#8221;{}&#8221;][et_pb_row _builder_version=&#8221;4.16&#8243; _module_preset=&#8221;default&#8221; global_colors_info=&#8221;{}&#8221;][et_pb_column type=&#8221;4_4&#8243; _builder_version=&#8221;4.16&#8243; _module_preset=&#8221;default&#8221; global_colors_info=&#8221;{}&#8221;][et_pb_text _builder_version=&#8221;4.16&#8243; _module_preset=&#8221;default&#8221; text_font_size=&#8221;20px&#8221; header_text_color=&#8221;#0F0E51&#8243; header_font_size=&#8221;65px&#8221; global_colors_info=&#8221;{}&#8221;]<\/p>\n<p>\u00bfPor qu\u00e9\u00a0<\/p>\n<h1>WSA?<\/h1>\n<p>[\/et_pb_text][\/et_pb_column][\/et_pb_row][et_pb_row column_structure=&#8221;1_2,1_2&#8243; _builder_version=&#8221;4.16&#8243; global_colors_info=&#8221;{}&#8221;][et_pb_column type=&#8221;1_2&#8243; _builder_version=&#8221;4.16&#8243; global_colors_info=&#8221;{}&#8221;][et_pb_blurb title=&#8221;Asesor\u00eda personalizada&#8221; image=&#8221;https:\/\/wsabrokers.mx\/wp-content\/uploads\/2022\/02\/asesoria2.png&#8221; icon_placement=&#8221;left&#8221; image_icon_width=&#8221;64px&#8221; content_max_width=&#8221;100%&#8221; image_icon_width_tablet=&#8221;64px&#8221; image_icon_width_phone=&#8221;32px&#8221; image_icon_width_last_edited=&#8221;on|tablet&#8221; _builder_version=&#8221;4.17.0&#8243; header_font=&#8221;|900|||||||&#8221; header_font_size=&#8221;22px&#8221; header_line_height=&#8221;1.4em&#8221; body_font=&#8221;|300|||||||&#8221; body_line_height=&#8221;1.4em&#8221; background_color=&#8221;#f8f5f1&#8243; custom_padding=&#8221;40px|20px|40px|20px|true|true&#8221; animation=&#8221;off&#8221; hover_enabled=&#8221;0&#8243; image_max_width=&#8221;64px&#8221; image_max_width_tablet=&#8221;&#8221; image_max_width_phone=&#8221;32px&#8221; image_max_width_last_edited=&#8221;on|tablet&#8221; global_colors_info=&#8221;{}&#8221; title_text=&#8221;asesoria2&#8243; sticky_enabled=&#8221;0&#8243;]<\/p>\n<p><span style=\"font-weight: 400;\">WSA responde a la necesidad del mercado por ofrecer una <\/span><b>asesori\u0301a personalizada<\/b><span style=\"font-weight: 400;\"> para generar <\/span><b>confianza y certidumbre<\/b><span style=\"font-weight: 400;\"> a sus clientes en los contratos de seguros y fianzas que adquieren.<\/span><\/p>\n<p>[\/et_pb_blurb][\/et_pb_column][et_pb_column type=&#8221;1_2&#8243; _builder_version=&#8221;4.16&#8243; global_colors_info=&#8221;{}&#8221;][et_pb_blurb title=&#8221;Experiencia&#8221; image=&#8221;https:\/\/wsabrokers.mx\/wp-content\/uploads\/2022\/02\/experiencia2.png&#8221; icon_placement=&#8221;left&#8221; image_icon_width=&#8221;64px&#8221; content_max_width=&#8221;100%&#8221; image_icon_width_tablet=&#8221;64px&#8221; image_icon_width_phone=&#8221;32px&#8221; image_icon_width_last_edited=&#8221;on|tablet&#8221; _builder_version=&#8221;4.17.0&#8243; header_font=&#8221;|900|||||||&#8221; header_font_size=&#8221;22px&#8221; header_line_height=&#8221;1.4em&#8221; body_font=&#8221;||||||||&#8221; body_line_height=&#8221;1.4em&#8221; background_color=&#8221;#f8f5f1&#8243; custom_padding=&#8221;40px|20px|40px|20px|true|true&#8221; animation=&#8221;off&#8221; link_option_url=&#8221;#&#8221; hover_enabled=&#8221;0&#8243; image_max_width=&#8221;64px&#8221; image_max_width_tablet=&#8221;&#8221; image_max_width_phone=&#8221;32px&#8221; image_max_width_last_edited=&#8221;on|tablet&#8221; locked=&#8221;off&#8221; global_colors_info=&#8221;{}&#8221; title_text=&#8221;experiencia2&#8243; sticky_enabled=&#8221;0&#8243;]<\/p>\n<p><span style=\"font-weight: 400;\">La amplia <\/span><b>experiencia<\/b><span style=\"font-weight: 400;\"> de los socios los califica para identificar las \u00e1reas de mayor exposici\u00f3n de riesgos. Son <\/span><b>compradores especializados,<\/b><span style=\"font-weight: 400;\"> con el fin de localizar la mejor opci\u00f3n para sus clientes.<\/span><\/p>\n<p>[\/et_pb_blurb][\/et_pb_column][\/et_pb_row][et_pb_row column_structure=&#8221;1_2,1_2&#8243; _builder_version=&#8221;4.16&#8243; global_colors_info=&#8221;{}&#8221;][et_pb_column type=&#8221;1_2&#8243; _builder_version=&#8221;4.16&#8243; global_colors_info=&#8221;{}&#8221;][et_pb_blurb title=&#8221;Diversidad&#8221; image=&#8221;https:\/\/wsabrokers.mx\/wp-content\/uploads\/2022\/02\/variedad.png&#8221; icon_placement=&#8221;left&#8221; image_icon_width=&#8221;64px&#8221; content_max_width=&#8221;100%&#8221; image_icon_width_tablet=&#8221;64px&#8221; image_icon_width_phone=&#8221;32px&#8221; image_icon_width_last_edited=&#8221;on|tablet&#8221; _builder_version=&#8221;4.17.0&#8243; header_font=&#8221;|900|||||||&#8221; header_font_size=&#8221;22px&#8221; header_line_height=&#8221;1.4em&#8221; body_font=&#8221;||||||||&#8221; body_line_height=&#8221;1.4em&#8221; background_color=&#8221;#f8f5f1&#8243; custom_padding=&#8221;40px|20px|40px|20px|true|true&#8221; animation=&#8221;off&#8221; link_option_url=&#8221;#&#8221; hover_enabled=&#8221;0&#8243; image_max_width=&#8221;64px&#8221; image_max_width_tablet=&#8221;&#8221; image_max_width_phone=&#8221;32px&#8221; image_max_width_last_edited=&#8221;on|tablet&#8221; global_colors_info=&#8221;{}&#8221; title_text=&#8221;variedad&#8221; sticky_enabled=&#8221;0&#8243;]<\/p>\n<p><span style=\"font-weight: 400;\">Tenemos <\/span><b>acceso directo<\/b><span style=\"font-weight: 400;\"> con las aseguradoras y afianzadoras m\u00e1s importantes a nivel nacional e internacional, lo que nos permite ofrecer la mejor opci\u00f3n a nuestros clientes a trav\u00e9s de una gran <\/span><b>diversidad de productos<\/b><span style=\"font-weight: 400;\">.<\/span><\/p>\n<p>[\/et_pb_blurb][\/et_pb_column][et_pb_column type=&#8221;1_2&#8243; _builder_version=&#8221;4.16&#8243; global_colors_info=&#8221;{}&#8221;][et_pb_blurb title=&#8221;Vanguardia&#8221; image=&#8221;https:\/\/wsabrokers.mx\/wp-content\/uploads\/2022\/02\/vanguardia.png&#8221; icon_placement=&#8221;left&#8221; image_icon_width=&#8221;64px&#8221; content_max_width=&#8221;100%&#8221; image_icon_width_tablet=&#8221;64px&#8221; image_icon_width_phone=&#8221;32px&#8221; image_icon_width_last_edited=&#8221;on|tablet&#8221; _builder_version=&#8221;4.17.0&#8243; header_font=&#8221;|900|||||||&#8221; header_font_size=&#8221;22px&#8221; header_line_height=&#8221;1.4em&#8221; body_font=&#8221;|600|||||||&#8221; body_line_height=&#8221;1.4em&#8221; background_color=&#8221;#f8f5f1&#8243; custom_padding=&#8221;40px|20px|40px|20px|true|true&#8221; animation=&#8221;off&#8221; link_option_url=&#8221;#&#8221; hover_enabled=&#8221;0&#8243; image_max_width=&#8221;64px&#8221; image_max_width_tablet=&#8221;&#8221; image_max_width_phone=&#8221;32px&#8221; image_max_width_last_edited=&#8221;on|tablet&#8221; locked=&#8221;off&#8221; global_colors_info=&#8221;{}&#8221; title_text=&#8221;vanguardia&#8221; sticky_enabled=&#8221;0&#8243;]<\/p>\n<p><span style=\"font-weight: 400;\">A trav\u00e9s de este acceso nos <\/span><b>capacitamos <\/b><span style=\"font-weight: 400;\">y nos mantenemos al d\u00eda de nuevos productos esquemas de aseguramiento o afianzamiento tanto en el mercado Mexicano como Internacional.<\/span><\/p>\n<p>[\/et_pb_blurb][\/et_pb_column][\/et_pb_row][\/et_pb_section][et_pb_section fb_built=&#8221;1&#8243; _builder_version=&#8221;4.16&#8243; _module_preset=&#8221;default&#8221; background_color=&#8221;#f7f2ef&#8221; global_colors_info=&#8221;{}&#8221;][et_pb_row column_structure=&#8221;1_2,1_2&#8243; _builder_version=&#8221;4.16&#8243; _module_preset=&#8221;default&#8221; hover_enabled=&#8221;0&#8243; global_colors_info=&#8221;{}&#8221; sticky_enabled=&#8221;0&#8243;][et_pb_column type=&#8221;1_2&#8243; _builder_version=&#8221;4.16&#8243; _module_preset=&#8221;default&#8221; global_colors_info=&#8221;{}&#8221;][et_pb_image src=&#8221;https:\/\/wsabrokers.mx\/wp-content\/uploads\/2022\/02\/sectores.jpg&#8221; title_text=&#8221;sectores&#8221; _builder_version=&#8221;4.17.0&#8243; _module_preset=&#8221;default&#8221; hover_enabled=&#8221;0&#8243; global_colors_info=&#8221;{}&#8221; sticky_enabled=&#8221;0&#8243;][\/et_pb_image][\/et_pb_column][et_pb_column type=&#8221;1_2&#8243; _builder_version=&#8221;4.16&#8243; _module_preset=&#8221;default&#8221; global_colors_info=&#8221;{}&#8221;][et_pb_text _builder_version=&#8221;4.16&#8243; _module_preset=&#8221;default&#8221; background_color=&#8221;#FFFFFF&#8221; transform_scale_tablet=&#8221;&#8221; transform_scale_phone=&#8221;&#8221; transform_scale_last_edited=&#8221;on|phone&#8221; transform_translate=&#8221;-162px|96px&#8221; transform_translate_tablet=&#8221;0px|0px&#8221; transform_translate_phone=&#8221;0px|0px&#8221; transform_translate_last_edited=&#8221;on|phone&#8221; transform_translate_linked=&#8221;off&#8221; transform_rotate_tablet=&#8221;&#8221; transform_rotate_phone=&#8221;&#8221; transform_rotate_last_edited=&#8221;on|phone&#8221; transform_skew_tablet=&#8221;&#8221; transform_skew_phone=&#8221;&#8221; transform_skew_last_edited=&#8221;on|phone&#8221; transform_origin_tablet=&#8221;&#8221; transform_origin_phone=&#8221;&#8221; transform_origin_last_edited=&#8221;on|phone&#8221; transform_styles_last_edited=&#8221;on|phone&#8221; max_width=&#8221;80%&#8221; max_width_tablet=&#8221;100%&#8221; max_width_phone=&#8221;100%&#8221; max_width_last_edited=&#8221;on|phone&#8221; custom_padding=&#8221;20px|30px|20px|30px|true|true&#8221; transform_styles_tablet=&#8221;&#8221; transform_styles_phone=&#8221;&#8221; global_colors_info=&#8221;{}&#8221;]<\/p>\n<h2><span style=\"font-weight: 400;\">Algunos de los sectores y ocupaciones en los que tenemos gran familiaridad son:<\/span><\/h2>\n<p><span style=\"font-weight: 400;\"><\/span><\/p>\n<ul>\n<li style=\"font-weight: 400;\" aria-level=\"1\"><span style=\"font-weight: 400;\">Sector energ\u00eda, Transporte, Distribuci\u00f3n, Comercializaci\u00f3n y venta de hidrocarburos.<\/span><\/li>\n<li style=\"font-weight: 400;\" aria-level=\"1\"><span style=\"font-weight: 400;\">Actividades comerciales.<\/span><\/li>\n<li style=\"font-weight: 400;\" aria-level=\"1\"><span style=\"font-weight: 400;\">Sector salud, Actividades m\u00e9dicas, Servicios hospitalarios.<\/span><\/li>\n<li style=\"font-weight: 400;\" aria-level=\"1\"><span style=\"font-weight: 400;\">Hospitalidad, Hoteles, Resorts, Restaurantes, Clubes sociales y deportivos.<\/span><\/li>\n<li style=\"font-weight: 400;\" aria-level=\"1\"><span style=\"font-weight: 400;\">Industriales, Metalmec\u00e1nico.<\/span><\/li>\n<li style=\"font-weight: 400;\" aria-level=\"1\"><span style=\"font-weight: 400;\">Sector financiero, Hipotecarias, Fondos de inversi\u00f3n, Arrendadoras.<\/span><\/li>\n<li style=\"font-weight: 400;\" aria-level=\"1\"><span style=\"font-weight: 400;\">Familiar y Patrimonial. <\/span><\/li>\n<\/ul>\n<p>[\/et_pb_text][\/et_pb_column][\/et_pb_row][\/et_pb_section]<\/p>\n","protected":false},"excerpt":{"rendered":"<p>Servicios\u00bfPor qu\u00e9\u00a0 WSA?WSA responde a la necesidad del mercado por ofrecer una asesori\u0301a personalizada para generar confianza y certidumbre a sus clientes en los contratos de seguros y fianzas que adquieren.La amplia experiencia de los socios los califica para identificar las \u00e1reas de mayor exposici\u00f3n de riesgos. Son compradores especializados, con el fin de localizar [&hellip;]<\/p>\n","protected":false},"author":1,"featured_media":0,"parent":0,"menu_order":0,"comment_status":"closed","ping_status":"closed","template":"","meta":{"_et_pb_use_builder":"on","_et_pb_old_content":"","_et_gb_content_width":"","footnotes":""},"class_list":["post-164","page","type-page","status-publish","hentry"],"_links":{"self":[{"href":"https:\/\/wsabrokers.mx\/index.php?rest_route=\/wp\/v2\/pages\/164","targetHints":{"allow":["GET"]}}],"collection":[{"href":"https:\/\/wsabrokers.mx\/index.php?rest_route=\/wp\/v2\/pages"}],"about":[{"href":"https:\/\/wsabrokers.mx\/index.php?rest_route=\/wp\/v2\/types\/page"}],"author":[{"embeddable":true,"href":"https:\/\/wsabrokers.mx\/index.php?rest_route=\/wp\/v2\/users\/1"}],"replies":[{"embeddable":true,"href":"https:\/\/wsabrokers.mx\/index.php?rest_route=%2Fwp%2Fv2%2Fcomments&post=164"}],"version-history":[{"count":30,"href":"https:\/\/wsabrokers.mx\/index.php?rest_route=\/wp\/v2\/pages\/164\/revisions"}],"predecessor-version":[{"id":343,"href":"https:\/\/wsabrokers.mx\/index.php?rest_route=\/wp\/v2\/pages\/164\/revisions\/343"}],"wp:attachment":[{"href":"https:\/\/wsabrokers.mx\/index.php?rest_route=%2Fwp%2Fv2%2Fmedia&parent=164"}],"curies":[{"name":"wp","href":"https:\/\/api.w.org\/{rel}","templated":true}]}}