{"id":89,"date":"2022-02-08T16:34:04","date_gmt":"2022-02-08T22:34:04","guid":{"rendered":"https:\/\/34.135.121.99\/?page_id=89"},"modified":"2022-05-02T15:41:45","modified_gmt":"2022-05-02T21:41:45","slug":"empresa","status":"publish","type":"page","link":"https:\/\/wsabrokers.mx\/?page_id=89","title":{"rendered":"Empresa"},"content":{"rendered":"<p>[et_pb_section fb_built=&#8221;1&#8243; _builder_version=&#8221;4.16&#8243; _module_preset=&#8221;default&#8221; background_color=&#8221;#FFFFFF&#8221; global_colors_info=&#8221;{}&#8221;][et_pb_row column_structure=&#8221;1_2,1_2&#8243; make_equal=&#8221;on&#8221; _builder_version=&#8221;4.16&#8243; _module_preset=&#8221;default&#8221; background_color=&#8221;#f7f1e8&#8243; max_width=&#8221;2513px&#8221; custom_padding=&#8221;||||true|true&#8221; custom_css_main_element=&#8221;align-items: center;&#8221; global_colors_info=&#8221;{}&#8221;][et_pb_column type=&#8221;1_2&#8243; _builder_version=&#8221;4.16&#8243; _module_preset=&#8221;default&#8221; background_color=&#8221;RGBA(0,0,0,0)&#8221; transform_translate=&#8221;120px|0px&#8221; transform_translate_linked=&#8221;off&#8221; custom_padding=&#8221;0px|0px|0px|0px|false|false&#8221; global_colors_info=&#8221;{}&#8221;][et_pb_text _builder_version=&#8221;4.16&#8243; _module_preset=&#8221;default&#8221; text_font_size=&#8221;25px&#8221; header_text_color=&#8221;#0F0E51&#8243; header_font_size=&#8221;65px&#8221; global_colors_info=&#8221;{}&#8221;]<\/p>\n<p style=\"text-align: left;\">Acerca de nosotros<\/p>\n<h1>Descripci\u00f3n general<\/h1>\n<p>[\/et_pb_text][et_pb_text _builder_version=&#8221;4.16&#8243; _module_preset=&#8221;default&#8221; text_font_size=&#8221;17px&#8221; custom_padding=&#8221;|100px|||false|false&#8221; global_colors_info=&#8221;{}&#8221;]<\/p>\n<p><span style=\"font-weight: 400;\"><strong>WSA es una organizaci\u00f3n conformada por un equipo de asesores con amplia experiencia en la contrataci\u00f3n de seguros y fianzas,<\/strong>\u00a0 <\/span>que junto con el cliente implementamos soluciones \u00f3ptimas para alcanzar sus metas y garantizar el cuidado de su patrimonio.<\/p>\n<p>[\/et_pb_text][\/et_pb_column][et_pb_column type=&#8221;1_2&#8243; _builder_version=&#8221;4.16&#8243; _module_preset=&#8221;default&#8221; global_colors_info=&#8221;{}&#8221;][et_pb_image src=&#8221;http:\/\/34.135.121.99\/wp-content\/uploads\/2022\/02\/nosotros.jpg&#8221; title_text=&#8221;nosotros&#8221; _builder_version=&#8221;4.16&#8243; _module_preset=&#8221;default&#8221; global_colors_info=&#8221;{}&#8221;][\/et_pb_image][\/et_pb_column][\/et_pb_row][\/et_pb_section][et_pb_section fb_built=&#8221;1&#8243; _builder_version=&#8221;4.16&#8243; _module_preset=&#8221;default&#8221; global_colors_info=&#8221;{}&#8221;][et_pb_row column_structure=&#8221;1_2,1_2&#8243; _builder_version=&#8221;4.16&#8243; _module_preset=&#8221;default&#8221; global_colors_info=&#8221;{}&#8221;][et_pb_column type=&#8221;1_2&#8243; _builder_version=&#8221;4.16&#8243; _module_preset=&#8221;default&#8221; global_colors_info=&#8221;{}&#8221;][et_pb_text _builder_version=&#8221;4.16&#8243; _module_preset=&#8221;default&#8221; text_font_size=&#8221;18px&#8221; header_2_font_size=&#8221;70px&#8221; global_colors_info=&#8221;{}&#8221;]<\/p>\n<h2>Prop\u00f3sitos y valores<\/h2>\n<p>[\/et_pb_text][\/et_pb_column][et_pb_column type=&#8221;1_2&#8243; _builder_version=&#8221;4.16&#8243; _module_preset=&#8221;default&#8221; global_colors_info=&#8221;{}&#8221;][et_pb_text _builder_version=&#8221;4.16&#8243; _module_preset=&#8221;default&#8221; text_font_size=&#8221;16px&#8221; global_colors_info=&#8221;{}&#8221;]<\/p>\n<h2><span style=\"font-weight: 400;\">Transparencia y confianza <\/span><\/h2>\n<p><span style=\"font-weight: 400;\">en la facultad que cada miembro del equipo tiene para tomar decisiones determinantes y cumplir con la promesa del servicio.<\/span><span style=\"font-weight: 400;\"><\/span><\/p>\n<p>[\/et_pb_text][et_pb_divider color=&#8221;#F79000&#8243; divider_position=&#8221;center&#8221; divider_weight=&#8221;2px&#8221; _builder_version=&#8221;4.16&#8243; _module_preset=&#8221;default&#8221; global_colors_info=&#8221;{}&#8221;][\/et_pb_divider][et_pb_text _builder_version=&#8221;4.16&#8243; _module_preset=&#8221;default&#8221; text_font_size=&#8221;16px&#8221; global_colors_info=&#8221;{}&#8221;]<\/p>\n<h2><span style=\"font-weight: 400;\">La experiencia<\/span><\/h2>\n<p><span style=\"font-weight: 400;\"> de identificar las \u00e1reas de mayor exposici\u00f3n de riesgo para ofrecer una soluci\u00f3n integral y solventar las necesidades de individuos, familias y empresas.<\/span><\/p>\n<p>[\/et_pb_text][et_pb_divider color=&#8221;#F79000&#8243; divider_position=&#8221;center&#8221; divider_weight=&#8221;2px&#8221; _builder_version=&#8221;4.16&#8243; _module_preset=&#8221;default&#8221; global_colors_info=&#8221;{}&#8221;][\/et_pb_divider][et_pb_text _builder_version=&#8221;4.16&#8243; _module_preset=&#8221;default&#8221; text_font_size=&#8221;16px&#8221; global_colors_info=&#8221;{}&#8221;]<\/p>\n<h2><span style=\"font-weight: 400;\">Un an\u00e1lisis<\/span><\/h2>\n<p><span style=\"font-weight: 400;\"> de necesidades desde la perspectiva del cliente, con el conocimiento del vendedor, con acceso a la mayor diversidad de productos por medio de alianzas profesionales con importantes empresas aseguradoras.<\/span><\/p>\n<p>[\/et_pb_text][et_pb_divider color=&#8221;#F79000&#8243; divider_position=&#8221;center&#8221; divider_weight=&#8221;2px&#8221; _builder_version=&#8221;4.16&#8243; _module_preset=&#8221;default&#8221; global_colors_info=&#8221;{}&#8221;][\/et_pb_divider][et_pb_text _builder_version=&#8221;4.16&#8243; _module_preset=&#8221;default&#8221; text_font_size=&#8221;16px&#8221; global_colors_info=&#8221;{}&#8221;]<\/p>\n<h2><span style=\"font-weight: 400;\">La experiencia y el alcance <\/span><\/h2>\n<p><span style=\"font-weight: 400;\">de ofrecer soluciones innovadoras\u00a0 a trav\u00e9s de una evoluci\u00f3n constante de nuestros procesos para identificar las necesidades espec\u00edficas de nuestros clientes.<\/span><\/p>\n<p>[\/et_pb_text][\/et_pb_column][\/et_pb_row][\/et_pb_section][et_pb_section fb_built=&#8221;1&#8243; _builder_version=&#8221;4.16&#8243; _module_preset=&#8221;default&#8221; background_color=&#8221;#F79000&#8243; global_colors_info=&#8221;{}&#8221;][et_pb_row column_structure=&#8221;1_2,1_2&#8243; make_equal=&#8221;on&#8221; _builder_version=&#8221;4.16&#8243; _module_preset=&#8221;default&#8221; custom_padding=&#8221;||||true|true&#8221; custom_css_main_element=&#8221;align-items: center;&#8221; global_colors_info=&#8221;{}&#8221;][et_pb_column type=&#8221;1_2&#8243; _builder_version=&#8221;4.16&#8243; _module_preset=&#8221;default&#8221; global_colors_info=&#8221;{}&#8221;][et_pb_text _builder_version=&#8221;4.16&#8243; _module_preset=&#8221;default&#8221; header_2_text_color=&#8221;#FFFFFF&#8221; header_2_font_size=&#8221;40px&#8221; custom_padding=&#8221;||||false|false&#8221; global_colors_info=&#8221;{}&#8221;]<\/p>\n<h2><span style=\"font-weight: 400;\">Equipo<\/span><\/h2>\n<p>[\/et_pb_text][et_pb_text _builder_version=&#8221;4.16&#8243; _module_preset=&#8221;default&#8221; text_text_color=&#8221;#FFFFFF&#8221; text_font_size=&#8221;17px&#8221; custom_padding=&#8221;||||false|false&#8221; global_colors_info=&#8221;{}&#8221;]<\/p>\n<p><span style=\"font-weight: 400;\">Como equipo, complementamos nuestra experiencia de m\u00e1s de 30 a\u00f1os, tanto local como internacional, para enfrentar los riesgos y encontrar las soluciones que existen dentro de los distintos sectores en los que nuestros clientes se desempe\u00f1an.<\/span><\/p>\n<p>[\/et_pb_text][\/et_pb_column][et_pb_column type=&#8221;1_2&#8243; _builder_version=&#8221;4.16&#8243; _module_preset=&#8221;default&#8221; global_colors_info=&#8221;{}&#8221;][et_pb_image src=&#8221;http:\/\/34.135.121.99\/wp-content\/uploads\/2022\/02\/equipo.jpg&#8221; alt=&#8221;Equipo WSA&#8221; title_text=&#8221;Equipo WSA&#8221; _builder_version=&#8221;4.16&#8243; _module_preset=&#8221;default&#8221; global_colors_info=&#8221;{}&#8221;][\/et_pb_image][\/et_pb_column][\/et_pb_row][\/et_pb_section][et_pb_section fb_built=&#8221;1&#8243; _builder_version=&#8221;4.16&#8243; _module_preset=&#8221;default&#8221; global_colors_info=&#8221;{}&#8221;][et_pb_row _builder_version=&#8221;4.16&#8243; _module_preset=&#8221;default&#8221; global_colors_info=&#8221;{}&#8221;][et_pb_column type=&#8221;4_4&#8243; _builder_version=&#8221;4.16&#8243; _module_preset=&#8221;default&#8221; global_colors_info=&#8221;{}&#8221;][et_pb_text _builder_version=&#8221;4.16&#8243; _module_preset=&#8221;default&#8221; header_font_size=&#8221;65px&#8221; global_colors_info=&#8221;{}&#8221;]<\/p>\n<h1 style=\"text-align: center;\">Socios<\/h1>\n<p>[\/et_pb_text][\/et_pb_column][\/et_pb_row][et_pb_row column_structure=&#8221;1_2,1_2&#8243; make_equal=&#8221;on&#8221; _builder_version=&#8221;4.16&#8243; _module_preset=&#8221;default&#8221; custom_css_main_element=&#8221;align-items: center;&#8221; global_colors_info=&#8221;{}&#8221;][et_pb_column type=&#8221;1_2&#8243; _builder_version=&#8221;4.16&#8243; _module_preset=&#8221;default&#8221; background_color=&#8221;RGBA(0,0,0,0)&#8221; global_colors_info=&#8221;{}&#8221;][et_pb_text _builder_version=&#8221;4.16&#8243; _module_preset=&#8221;default&#8221; global_colors_info=&#8221;{}&#8221;]<\/p>\n<p><strong>Tel\u00e9fono<\/strong>: <span style=\"font-weight: 400;\">+52 55 5683 0120 \/ Ext: 301<\/span><\/p>\n<p><span style=\"font-weight: 400;\"><strong>Correo<\/strong>: tito.rivera@wsa.mx <\/span><\/p>\n<p>[\/et_pb_text][et_pb_button button_url=&#8221;mailto:tito.rivera@wsa.mx&#8221; button_text=&#8221;Cont\u00e1ctame&#8221; _builder_version=&#8221;4.16.1&#8243; _module_preset=&#8221;default&#8221; custom_button=&#8221;on&#8221; button_text_color=&#8221;#FFFFFF&#8221; button_bg_color=&#8221;#F79000&#8243; button_border_color=&#8221;RGBA(0,0,0,0)&#8221; global_colors_info=&#8221;{}&#8221;][\/et_pb_button][\/et_pb_column][et_pb_column type=&#8221;1_2&#8243; _builder_version=&#8221;4.16&#8243; _module_preset=&#8221;default&#8221; global_colors_info=&#8221;{}&#8221;][et_pb_text _builder_version=&#8221;4.16&#8243; _module_preset=&#8221;default&#8221; global_colors_info=&#8221;{}&#8221;]<\/p>\n<h3>Tito Rivera Abraira<\/h3>\n<p>[\/et_pb_text][et_pb_text _builder_version=&#8221;4.16&#8243; _module_preset=&#8221;default&#8221; text_font_size=&#8221;15px&#8221; global_colors_info=&#8221;{}&#8221;]<\/p>\n<p><span style=\"font-weight: 400;\">Con estudios en actuar\u00eda por la Universidad An\u00e1huac, maestr\u00eda en administraci\u00f3n por el ITAM y m\u00e1s de 25 a\u00f1os de experiencia en el sector asegurador y afianzador, desde lo privado a lo gubernamental, Tito es un especialista en la asesor\u00eda e intermediaci\u00f3n para la integraci\u00f3n de soluciones con planes individuales y colectivos para el manejo de riesgos de vida, gastos m\u00e9dicos y accidentes; as\u00ed c\u00f3mo, para la protecci\u00f3n y creaci\u00f3n patrimonial, obtenci\u00f3n y administraci\u00f3n de garant\u00edas\/fianzas, operaciones de transporte, financieras y administraci\u00f3n p\u00fablica, entre otros.\u00a0<\/span><span style=\"font-weight: 400;\">\u00a0<\/span><\/p>\n<p>[\/et_pb_text][\/et_pb_column][\/et_pb_row][et_pb_row column_structure=&#8221;1_2,1_2&#8243; make_equal=&#8221;on&#8221; _builder_version=&#8221;4.16&#8243; _module_preset=&#8221;default&#8221; custom_css_main_element=&#8221;align-items: center;&#8221; global_colors_info=&#8221;{}&#8221;][et_pb_column type=&#8221;1_2&#8243; _builder_version=&#8221;4.16&#8243; _module_preset=&#8221;default&#8221; global_colors_info=&#8221;{}&#8221;][et_pb_text _builder_version=&#8221;4.16&#8243; _module_preset=&#8221;default&#8221; global_colors_info=&#8221;{}&#8221;]<\/p>\n<h3>Walter Sohn Forment<\/h3>\n<p>[\/et_pb_text][et_pb_text _builder_version=&#8221;4.16&#8243; _module_preset=&#8221;default&#8221; text_font_size=&#8221;15px&#8221; global_colors_info=&#8221;{}&#8221;]<\/p>\n<p><span style=\"font-weight: 400;\">Administrador de empresas por el Instituto Tecnol\u00f3gico Aut\u00f3nomo de M\u00e9xico y con estudios de especializaci\u00f3n tanto en administraci\u00f3n de riesgos, finanzas, reaseguro, entre otros. Walter tiene m\u00e1s de\u00a0 26 a\u00f1os de experiencia en la suscripci\u00f3n, asesor\u00eda y corretaje de riesgos en diversas industrias. ocupando diferentes roles en aseguradoras, reaseguradoras y empresas multinacionales.Su experiencia en los seguros patrimoniales, responsabilidad Civil, transportes y otros riesgos no tradicionales. as\u00ed como su conocimiento transversal nacional e internacional del mercado de da\u00f1os, le permiten estructurar soluciones\u00a0 de seguros a la medida.<\/span><\/p>\n<p>[\/et_pb_text][\/et_pb_column][et_pb_column type=&#8221;1_2&#8243; _builder_version=&#8221;4.16&#8243; _module_preset=&#8221;default&#8221; global_colors_info=&#8221;{}&#8221;][et_pb_text _builder_version=&#8221;4.16&#8243; _module_preset=&#8221;default&#8221; global_colors_info=&#8221;{}&#8221;]<\/p>\n<p><strong>Tel\u00e9fono<\/strong>: <span style=\"font-weight: 400;\">+52 55 5683 0120 \/ Ext: 106<\/span><\/p>\n<p><span style=\"font-weight: 400;\"><strong>Correo<\/strong>: walter.sohn@wsa.mx <\/span><\/p>\n<p>[\/et_pb_text][et_pb_button button_url=&#8221;mailto:walter.sohn@wsa.mx&#8221; button_text=&#8221;Cont\u00e1ctame&#8221; _builder_version=&#8221;4.16.1&#8243; _module_preset=&#8221;default&#8221; custom_button=&#8221;on&#8221; button_text_color=&#8221;#FFFFFF&#8221; button_bg_color=&#8221;#F79000&#8243; button_border_color=&#8221;RGBA(0,0,0,0)&#8221; global_colors_info=&#8221;{}&#8221;][\/et_pb_button][\/et_pb_column][\/et_pb_row][et_pb_row column_structure=&#8221;1_2,1_2&#8243; make_equal=&#8221;on&#8221; _builder_version=&#8221;4.16&#8243; _module_preset=&#8221;default&#8221; custom_css_main_element=&#8221;align-items: center;&#8221; global_colors_info=&#8221;{}&#8221;][et_pb_column type=&#8221;1_2&#8243; _builder_version=&#8221;4.16&#8243; _module_preset=&#8221;default&#8221; global_colors_info=&#8221;{}&#8221;][et_pb_text _builder_version=&#8221;4.16&#8243; _module_preset=&#8221;default&#8221; global_colors_info=&#8221;{}&#8221;]<\/p>\n<p><strong>Tel\u00e9fono<\/strong>: <span style=\"font-weight: 400;\">+52 55 5683 0120 \/ Ext: 201<\/span><\/p>\n<p><span style=\"font-weight: 400;\"><strong>Correo<\/strong>: andres.weinberg@wsa.mx<\/span><\/p>\n<p>[\/et_pb_text][et_pb_button button_url=&#8221;mailto:andre.weinberg@wsa.mx&#8221; button_text=&#8221;Cont\u00e1ctame&#8221; _builder_version=&#8221;4.16.1&#8243; _module_preset=&#8221;default&#8221; custom_button=&#8221;on&#8221; button_text_color=&#8221;#FFFFFF&#8221; button_bg_color=&#8221;#F79000&#8243; button_border_color=&#8221;RGBA(0,0,0,0)&#8221; global_colors_info=&#8221;{}&#8221;][\/et_pb_button][\/et_pb_column][et_pb_column type=&#8221;1_2&#8243; _builder_version=&#8221;4.16&#8243; _module_preset=&#8221;default&#8221; global_colors_info=&#8221;{}&#8221;][et_pb_text _builder_version=&#8221;4.16&#8243; _module_preset=&#8221;default&#8221; global_colors_info=&#8221;{}&#8221;]<\/p>\n<h3>Andres Weinberg Garcia<\/h3>\n<p>[\/et_pb_text][et_pb_text _builder_version=&#8221;4.16&#8243; _module_preset=&#8221;default&#8221; text_font_size=&#8221;15px&#8221; global_colors_info=&#8221;{}&#8221;]<\/p>\n<p><span style=\"font-weight: 400;\">Graduado en Administraci\u00f3n de Negocios Internacionales por la Universidad Iberoamericana, desde una temprana edad se ha desarrollado experiencia profesional en la asesor\u00eda y corretaje de seguros. Adem\u00e1s, cuenta con un amplio conocimiento tanto del mercado local como internacional habi\u00e9ndose desarrollado dentro de una reconocida empresa de corretaje de reaseguro del mercado ingl\u00e9s. Actualmente est\u00e1 enfocado en la asesor\u00eda, estructuraci\u00f3n y corretaje de seguros con gran experiencia en el sector inmobiliario, aviaci\u00f3n, hospitalidad, seguros patrimoniales, transportes y responsabilidad civil.<\/span><\/p>\n<p>[\/et_pb_text][\/et_pb_column][\/et_pb_row][et_pb_row column_structure=&#8221;1_2,1_2&#8243; make_equal=&#8221;on&#8221; _builder_version=&#8221;4.16&#8243; _module_preset=&#8221;default&#8221; custom_css_main_element=&#8221;align-items: center;&#8221; global_colors_info=&#8221;{}&#8221;][et_pb_column type=&#8221;1_2&#8243; _builder_version=&#8221;4.16&#8243; _module_preset=&#8221;default&#8221; global_colors_info=&#8221;{}&#8221;][et_pb_text _builder_version=&#8221;4.16&#8243; _module_preset=&#8221;default&#8221; global_colors_info=&#8221;{}&#8221;]<\/p>\n<h3>Ricardo H Solis<\/h3>\n<p>[\/et_pb_text][et_pb_text _builder_version=&#8221;4.16&#8243; _module_preset=&#8221;default&#8221; text_font_size=&#8221;15px&#8221; global_colors_info=&#8221;{}&#8221;]<\/p>\n<p><span style=\"font-weight: 400;\">Cuenta con estudios en administraci\u00f3n de empresas en el Instituto Tecnol\u00f3gico Aut\u00f3nomo de M\u00e9xico, actualiz\u00e1ndose continuamente con cursos de especializaci\u00f3n y diplomados tanto en M\u00e9xico como en el extranjero en conjunto con m\u00e1s de 35 a\u00f1os de experiencia en el sector asegurador a trav\u00e9s de diferentes roles a nivel directivo y direcci\u00f3n general en empresas nacionales y multinacionales como GNP, Seguros La Comercial (hoy AXA), Marsh, Willis;\u00a0 adem\u00e1s de m\u00faltiples emprendimientos empresariales, es co-fundador de WSA Brokers como una empresa enfocada y especializada en la asesor\u00eda integral para la atenci\u00f3n de sus clientes, implementando soluciones para sus requerimientos personales, familiares y empresariales.<\/span><\/p>\n<p>[\/et_pb_text][\/et_pb_column][et_pb_column type=&#8221;1_2&#8243; _builder_version=&#8221;4.16&#8243; _module_preset=&#8221;default&#8221; global_colors_info=&#8221;{}&#8221;][et_pb_text _builder_version=&#8221;4.16&#8243; _module_preset=&#8221;default&#8221; global_colors_info=&#8221;{}&#8221;]<\/p>\n<p><strong>Tel\u00e9fono<\/strong>: <span style=\"font-weight: 400;\">+52 55 5683 0120 \/ Ext: 105<\/span><\/p>\n<p><span style=\"font-weight: 400;\"><strong>Correo<\/strong>: ricardo.solis@wsa.mx<\/span><\/p>\n<p>[\/et_pb_text][et_pb_button button_url=&#8221;mailto:ricardo.solis@wsa.mx&#8221; button_text=&#8221;Cont\u00e1ctame&#8221; _builder_version=&#8221;4.16.1&#8243; _module_preset=&#8221;default&#8221; custom_button=&#8221;on&#8221; button_text_color=&#8221;#FFFFFF&#8221; button_bg_color=&#8221;#F79000&#8243; button_border_color=&#8221;RGBA(0,0,0,0)&#8221; global_colors_info=&#8221;{}&#8221;][\/et_pb_button][\/et_pb_column][\/et_pb_row][et_pb_row column_structure=&#8221;1_2,1_2&#8243; make_equal=&#8221;on&#8221; _builder_version=&#8221;4.16&#8243; _module_preset=&#8221;default&#8221; custom_css_main_element=&#8221;align-items: center;&#8221; global_colors_info=&#8221;{}&#8221;][et_pb_column type=&#8221;1_2&#8243; _builder_version=&#8221;4.16&#8243; _module_preset=&#8221;default&#8221; global_colors_info=&#8221;{}&#8221;][et_pb_text _builder_version=&#8221;4.16&#8243; _module_preset=&#8221;default&#8221; global_colors_info=&#8221;{}&#8221;]<\/p>\n<p><strong>Tel\u00e9fono<\/strong>: <span style=\"font-weight: 400;\">+52 55 5683 0120 \/ Ext: 101<\/span><\/p>\n<p><span style=\"font-weight: 400;\"><strong>Correo<\/strong>: alejandro.weinberg@wsa.mx<\/span><\/p>\n<p>[\/et_pb_text][et_pb_button button_url=&#8221;mailto:alejandro.weinberg@wsa.mx&#8221; button_text=&#8221;Cont\u00e1ctame&#8221; _builder_version=&#8221;4.16.1&#8243; _module_preset=&#8221;default&#8221; custom_button=&#8221;on&#8221; button_text_color=&#8221;#FFFFFF&#8221; button_bg_color=&#8221;#F79000&#8243; button_border_color=&#8221;RGBA(0,0,0,0)&#8221; global_colors_info=&#8221;{}&#8221;][\/et_pb_button][\/et_pb_column][et_pb_column type=&#8221;1_2&#8243; _builder_version=&#8221;4.16&#8243; _module_preset=&#8221;default&#8221; global_colors_info=&#8221;{}&#8221;][et_pb_text _builder_version=&#8221;4.16&#8243; _module_preset=&#8221;default&#8221; global_colors_info=&#8221;{}&#8221;]<\/p>\n<h3>Alejandro Weinberg del Valle<\/h3>\n<p>[\/et_pb_text][et_pb_text _builder_version=&#8221;4.16&#8243; _module_preset=&#8221;default&#8221; text_font_size=&#8221;15px&#8221; global_colors_info=&#8221;{}&#8221;]<\/p>\n<p><span style=\"font-weight: 400;\">Graduado en administraci\u00f3n de empresas por la Universidad Iberoamericana, programa en alta direcci\u00f3n por el IPADE, cursos en administraci\u00f3n de riesgos, seguros y marketing. Con m\u00e1s de 30 a\u00f1os de experiencia y conocimientos al haber participado en diferentes roles a nivel directivo y direcci\u00f3n general en empresas nacionales y multinacionales; as\u00ed como propios emprendimientos empresariales en \u00e1reas de productos consumibles, mercados de afinidad y corretaje de seguros y fianzas, le da una visi\u00f3n general del mercado asegurador. Especialista en el manejo y atenci\u00f3n de requerimientos y estructuraci\u00f3n de soluciones integrales para personas, sus familias y empresas, y con gran familiaridad en el sector inmobiliarios, de entretenimiento y hospitalidad, aviaci\u00f3n e industriales.<\/span><\/p>\n<p>[\/et_pb_text][\/et_pb_column][\/et_pb_row][\/et_pb_section]<\/p>\n","protected":false},"excerpt":{"rendered":"<p>Acerca de nosotros Descripci\u00f3n generalWSA es una organizaci\u00f3n conformada por un equipo de asesores con amplia experiencia en la contrataci\u00f3n de seguros y fianzas,\u00a0 que junto con el cliente implementamos soluciones \u00f3ptimas para alcanzar sus metas y garantizar el cuidado de su patrimonio.Prop\u00f3sitos y valoresTransparencia y confianza en la facultad que cada miembro del equipo [&hellip;]<\/p>\n","protected":false},"author":1,"featured_media":0,"parent":0,"menu_order":0,"comment_status":"closed","ping_status":"closed","template":"","meta":{"_et_pb_use_builder":"on","_et_pb_old_content":"","_et_gb_content_width":"","footnotes":""},"class_list":["post-89","page","type-page","status-publish","hentry"],"_links":{"self":[{"href":"https:\/\/wsabrokers.mx\/index.php?rest_route=\/wp\/v2\/pages\/89","targetHints":{"allow":["GET"]}}],"collection":[{"href":"https:\/\/wsabrokers.mx\/index.php?rest_route=\/wp\/v2\/pages"}],"about":[{"href":"https:\/\/wsabrokers.mx\/index.php?rest_route=\/wp\/v2\/types\/page"}],"author":[{"embeddable":true,"href":"https:\/\/wsabrokers.mx\/index.php?rest_route=\/wp\/v2\/users\/1"}],"replies":[{"embeddable":true,"href":"https:\/\/wsabrokers.mx\/index.php?rest_route=%2Fwp%2Fv2%2Fcomments&post=89"}],"version-history":[{"count":40,"href":"https:\/\/wsabrokers.mx\/index.php?rest_route=\/wp\/v2\/pages\/89\/revisions"}],"predecessor-version":[{"id":361,"href":"https:\/\/wsabrokers.mx\/index.php?rest_route=\/wp\/v2\/pages\/89\/revisions\/361"}],"wp:attachment":[{"href":"https:\/\/wsabrokers.mx\/index.php?rest_route=%2Fwp%2Fv2%2Fmedia&parent=89"}],"curies":[{"name":"wp","href":"https:\/\/api.w.org\/{rel}","templated":true}]}}